{"id":9248,"date":"2026-02-25T18:29:47","date_gmt":"2026-02-25T17:29:47","guid":{"rendered":"https:\/\/tarreglolabici.com\/wp\/?post_type=product&#038;p=9248"},"modified":"2026-02-25T18:29:47","modified_gmt":"2026-02-25T17:29:47","slug":"jgo-retenes-isb-rock-shox-33mmx42","status":"publish","type":"product","link":"https:\/\/tarreglolabici.com\/wp\/shop\/componentes\/horquillas\/jgo-retenes-isb-rock-shox-33mmx42\/","title":{"rendered":"Jgo Retenes ISB Rock Shox 33mmx42"},"content":{"rendered":"<ul>\n<li>Jgo de retenes ara suspensiones barra de 32mm x 42mm exterior. Con pesta\u00f1a . Compatibles con Rock Shox 32 antiguas pre 2016<\/li>\n<li>Incluye esponjas de lubricacion.<\/li>\n<\/ul>\n<p data-start=\"106\" data-end=\"383\">Kit de retenes y guardapolvos para horquillas de suspensi\u00f3n con barras de 32 mm y alojamiento exterior de 42 mm. Su funci\u00f3n es garantizar un sellado perfecto de la horquilla, evitando la entrada de polvo, agua y suciedad, y manteniendo el aceite interno en condiciones \u00f3ptimas.<\/p>\n<p data-start=\"385\" data-end=\"719\">Fabricados con materiales de alta resistencia y baja fricci\u00f3n, aseguran un funcionamiento suave de la suspensi\u00f3n y prolongan la vida \u00fatil de los componentes internos. Compatibles con m\u00faltiples modelos de horquillas MTB de 32 mm. Se recomienda su sustituci\u00f3n en cada mantenimiento para mantener el rendimiento original de la horquilla.<\/p>\n","protected":false},"excerpt":{"rendered":"<p>Jgo de retenes ara suspensiones barra de 32mm x 42mm exterior. Con pesta\u00f1a . Compatibles con Rock Shox 32 antiguas pre 2016 Incluye esponjas de lubricacion. Kit de retenes y guardapolvos para horquillas de suspensi\u00f3n con barras de 32 mm y alojamiento exterior de 42 mm. Su funci\u00f3n es garantizar un sellado perfecto de la [&hellip;]<\/p>\n","protected":false},"featured_media":9249,"template":"","meta":[],"product_brand":[1221],"product_cat":[972],"product_tag":[552,81],"class_list":{"0":"post-9248","1":"product","2":"type-product","3":"status-publish","4":"has-post-thumbnail","6":"product_brand-isb","7":"product_cat-horquillas","8":"product_tag-isb","9":"product_tag-rock-shox","11":"first","12":"instock","13":"taxable","14":"shipping-taxable","15":"purchasable","16":"product-type-simple"},"_links":{"self":[{"href":"https:\/\/tarreglolabici.com\/wp\/wp-json\/wp\/v2\/product\/9248","targetHints":{"allow":["GET"]}}],"collection":[{"href":"https:\/\/tarreglolabici.com\/wp\/wp-json\/wp\/v2\/product"}],"about":[{"href":"https:\/\/tarreglolabici.com\/wp\/wp-json\/wp\/v2\/types\/product"}],"wp:featuredmedia":[{"embeddable":true,"href":"https:\/\/tarreglolabici.com\/wp\/wp-json\/wp\/v2\/media\/9249"}],"wp:attachment":[{"href":"https:\/\/tarreglolabici.com\/wp\/wp-json\/wp\/v2\/media?parent=9248"}],"wp:term":[{"taxonomy":"product_brand","embeddable":true,"href":"https:\/\/tarreglolabici.com\/wp\/wp-json\/wp\/v2\/product_brand?post=9248"},{"taxonomy":"product_cat","embeddable":true,"href":"https:\/\/tarreglolabici.com\/wp\/wp-json\/wp\/v2\/product_cat?post=9248"},{"taxonomy":"product_tag","embeddable":true,"href":"https:\/\/tarreglolabici.com\/wp\/wp-json\/wp\/v2\/product_tag?post=9248"}],"curies":[{"name":"wp","href":"https:\/\/api.w.org\/{rel}","templated":true}]}}