{"id":8145,"date":"2024-03-25T11:02:03","date_gmt":"2024-03-25T10:02:03","guid":{"rendered":"https:\/\/tarreglolabici.com\/wp\/?post_type=product&#038;p=8145"},"modified":"2024-03-25T11:49:57","modified_gmt":"2024-03-25T10:49:57","slug":"8145","status":"publish","type":"product","link":"https:\/\/tarreglolabici.com\/wp\/shop\/accesorios\/8145\/","title":{"rendered":"Alarma localizador equipaje KNOG"},"content":{"rendered":"<p><em><strong>ATENCION: SOLO COMPATIBLE CON IPHONE DE APPLE<\/strong><\/em><\/p>\n<p>Alarma para equipaje inteligente, se sujeta mediante un cable trenzado de acero, se controla mediante aplicacion KNOG, alarma sonora, detector de movimiento, geolocalizacion. disponible en 3 colores y kit de 2 unidades<\/p>\n<ul>\n<li>Amarillo, Rojo o Negro<\/li>\n<li>Pareja Verde y Negro<\/li>\n<\/ul>\n<p class=\"p1\"><span class=\"s1\">Protege tus pertenencias y tu tranquilidad con el Scout Travel. Una nueva generaci\u00f3n de etiquetas de equipaje inteligentes que combina tu informaci\u00f3n de contacto digital, un buscador de equipaje de alta precisi\u00f3n y una alarma sensible al movimiento de 85 dB para brindar una seguridad de equipaje incomparable. Compatible solo con iOS (de momento).<\/span><\/p>\n<p><b>Lleve la seguridad del equipaje a otro nivel<\/b><br \/>\nScout Travel es la etiqueta de equipaje m\u00e1s inteligente del mundo. Adjunta uno a tu maleta y otro a tu equipaje de mano, luego disfruta de la tranquilidad que te brindan mientras viajas.<\/p>\n<p><b>Identificaci\u00f3n digital<\/b><br \/>\nSe puede acceder f\u00e1cilmente a la informaci\u00f3n de contacto que elijas compartir escaneando el c\u00f3digo QR \u00fanico impreso en Scout Travel. Tambi\u00e9n existe la opci\u00f3n de enviar inmediatamente al propietario un correo electr\u00f3nico desde la p\u00e1gina de contacto.<\/p>\n<p><b>Buscador de equipaje<\/b><br \/>\nLocaliza r\u00e1pidamente tu equipaje en cualquier momento y lugar, utilizando la aplicaci\u00f3n <strong>Apple Find My. <em>ATENCION: SOLO COMPATIBLE CON IPHONE DE APPLE<\/em><\/strong><\/p>\n<p><b>Alarma de equipaje<\/b><br \/>\n\u00bfDejar tu bolso en alguna parte? Evita el robo con la alarma de 85 dB sensible al movimiento para llamar la atenci\u00f3n de inmediato y activar una notificaci\u00f3n a tu iPhone (cuando est\u00e9 dentro del alcance de Bluetooth).<\/p>\n<p><b>M\u00e1s funciones que te encantar\u00e1n:<\/b><br \/>\n&#8211; F\u00e1cil de operar usando la aplicaci\u00f3n iOS de Knog<br \/>\n&#8211; Pesa s\u00f3lo 35 gramos<br \/>\n&#8211; Fija de forma segura a las bolsas mediante un tornillo antimanipulaci\u00f3n y un cable trenzado de acero inoxidable.<br \/>\n&#8211; Se suministra con dos longitudes de cable para adaptarse mejor a tus necesidades<br \/>\n&#8211; Manten tu informaci\u00f3n de contacto actualizada en tiempo real a trav\u00e9s de la aplicaci\u00f3n <strong>Knog<\/strong><br \/>\n&#8211; Los LED inteligentes facilitan el emparejamiento y la carga<br \/>\n&#8211; Duraci\u00f3n de la bater\u00eda de 2 a 4 meses (dependiendo del uso)<br \/>\n&#8211; Notificaciones de bater\u00eda baja cuando solo te queda el 20%<br \/>\n&#8211; USB-C recargable (cable no incluido)<br \/>\n&#8211; Funci\u00f3n de timbre remoto para encontrar tu bolso entre la multitud<br \/>\n&#8211; Tecnolog\u00eda NFC para utilizar la funci\u00f3n de modo perdido Apple Find My<br \/>\n&#8211; Resistente al agua<br \/>\n&#8211; Opera hasta 10 dispositivos Scout en la aplicaci\u00f3n Knog<br \/>\n&#8211; Cumple con las normas de equipaje facturado de la FAA<\/p>\n<p>Si deseas tener la tranquilidad de saber que has hecho todo lo posible para proteger tu equipaje, Scout Travel es una pieza esencial de tu equipaje.<\/p>\n<p><b>Identificaci\u00f3n digital mediante c\u00f3digo QR<\/b><br \/>\nGuarda tus instrucciones de contacto en formato digital, al que luego podr\u00e1s acceder escaneando el c\u00f3digo QR \u00fanico impreso en tu Scout. La informaci\u00f3n de contacto exacta que compartes queda totalmente a tu discreci\u00f3n y puede actualizarse en cualquier momento a trav\u00e9s de la aplicaci\u00f3n Knog.<\/p>\n<p><img loading=\"lazy\" decoding=\"async\" src=\"https:\/\/www.topfun.com\/img\/cms\/KNOG\/Scout\/Sin-ti%CC%81tulo-13.jpg\" alt=\"\" width=\"200\" height=\"200\" \/><br \/>\n<b>Accesorio seguro y a prueba de manipulaciones<br \/>\n<\/b>El cable trenzado de acero inoxidable se conecta al Scout Travel mediante un tornillo de seguridad antimanipulaci\u00f3n que requiere el uso de la herramientas antimanipulaci\u00f3n Knog suministrada para colocarlo y quitarlo. El cable se suministra en dos longitudes.<\/p>\n<p><img loading=\"lazy\" decoding=\"async\" src=\"https:\/\/www.topfun.com\/img\/cms\/KNOG\/Scout\/Sin-ti%CC%81tulo-11.jpg\" alt=\"\" width=\"200\" height=\"200\" \/><br \/>\n<b>Bater\u00eda recargable USB-C<\/b><br \/>\nEl Scout Travel es recargable por USB-C y utiliza una bater\u00eda LiPo de 155 mAh de alto rendimiento que proporcionar\u00e1 hasta 2 meses de uso entre cargas. La aplicaci\u00f3n Knog te enviar\u00e1 una notificaci\u00f3n cuando alcance el 20% de carga restante.<\/p>\n<p><img loading=\"lazy\" decoding=\"async\" src=\"https:\/\/www.topfun.com\/img\/cms\/KNOG\/Scout\/Sin-ti%CC%81tulo-10.jpg\" alt=\"\" width=\"200\" height=\"200\" \/><br \/>\n<b>Alarma sensible al movimiento<br \/>\n<\/b>Aumente su tranquilidad armando el Scout Travel usando la aplicaci\u00f3n Knog, y cualquier movimiento posterior de su aceler\u00f3metro activar\u00e1 la fuerte alarma de 85 dB, al mismo tiempo que activa una alarma audible en su iPhone (cuando est\u00e9 dentro del alcance de Bluetooth). <em><strong>ATENCION: SOLO COMPATIBLE CON IPHONE DE APPLE<\/strong><\/em><\/p>\n<p><img loading=\"lazy\" decoding=\"async\" src=\"https:\/\/www.topfun.com\/img\/cms\/KNOG\/Scout\/Sin-ti%CC%81tulo-12.jpg\" alt=\"\" width=\"200\" height=\"200\" \/><br \/>\n<b>Especificaciones t\u00e9cnicas<\/b><br \/>\n<b>&#8211; Recargable<\/b>: S\u00ed, mediante entrada USB-C<br \/>\n<b>&#8211; Duraci\u00f3n de la bater\u00eda<\/b>: hasta 2 meses (dependiendo del uso)<br \/>\n<b>&#8211; Tiempo de carga<\/b>: 4 horas<br \/>\n<b>&#8211; Temperatura de funcionamiento<\/b>: -20 a 50 \u00b0C \/ -4 a 122 \u00b0F<br \/>\n<b>&#8211; Peso<\/b>: +- 35 g (incluidos los accesorios de fijaci\u00f3n)<br \/>\n<b>&#8211; Dimensiones:<\/b>\u00a088 x 33 x 7 mm<br \/>\n<b>&#8211; Resistente al agua:<\/b>\u00a0S\u00ed, IP65<br \/>\n<b>&#8211; Chasis<\/b>: Nylon reforzado con vidrio<br \/>\n<b>&#8211; Sobremolde del chasis<\/b>: silicona de grado medico<br \/>\n<b>&#8211; Bluetooth<\/b>: S\u00ed, Clase 2<br \/>\n<b>&#8211; NFC habilitado<\/b>: S\u00ed<br \/>\n<b>&#8211; Alarma<\/b>: altavoz de alarma piezoel\u00e9ctrica de 85 db<br \/>\n<b>&#8211; Control del dispositivo:<\/b>\u00a0a trav\u00e9s de la aplicaci\u00f3n Knog (tienda de aplicaciones de Apple), bot\u00f3n externo<br \/>\n<b>&#8211; Buscador<\/b>: C\u00f3digo QR \u00fanico (Datos de contacto digitales)<br \/>\n<b>&#8211; Compatible con<\/b>: solo iOS (iPhone, Apple Watch y iPad)<br \/>\n<b>&#8211; Accesorios:<\/b>\u00a0perno de seguridad patentado, herramienta de seguridad patentada, cable de acero trenzado de 90 mm y 160 mm<br \/>\n<b>&#8211; Indicador de bater\u00eda baja<\/b>: s\u00ed, a trav\u00e9s de la aplicaci\u00f3n Knog<br \/>\n<b>&#8211; Indicador de carga de bater\u00eda<\/b>: S\u00ed<br \/>\n<b>&#8211; Indicador de estado de la bater\u00eda:<\/b>\u00a0s\u00ed, a trav\u00e9s de la aplicaci\u00f3n Knog<span class=\"Apple-converted-space\">\u00a0<\/span><\/p>\n<p><em><strong>ATENCION: SOLO COMPATIBLE CON IPHONE DE APPLE<\/strong><\/em><\/p>\n<p>Guia de uso en espa\u00f1ol:<\/p>\n<p><a href=\"https:\/\/www.knog.com\/cdn\/shop\/files\/SCOUT_TRAVEL_QSG_ESP_VB.pdf?v=9620348366150434764\">https:\/\/www.knog.com\/cdn\/shop\/files\/SCOUT_TRAVEL_QSG_ESP_VB.pdf?v=9620348366150434764<\/a><\/p>\n","protected":false},"excerpt":{"rendered":"<p>ATENCION: SOLO COMPATIBLE CON IPHONE DE APPLE Alarma para equipaje inteligente, se sujeta mediante un cable trenzado de acero, se controla mediante aplicacion KNOG, alarma sonora, detector de movimiento, geolocalizacion. disponible en 3 colores y kit de 2 unidades Amarillo, Rojo o Negro Pareja Verde y Negro Protege tus pertenencias y tu tranquilidad con el [&hellip;]<\/p>\n","protected":false},"featured_media":8162,"template":"","meta":[],"product_brand":[],"product_cat":[1025],"product_tag":[1094,648,1095],"class_list":{"0":"post-8145","1":"product","2":"type-product","3":"status-publish","4":"has-post-thumbnail","6":"product_cat-accesorios","7":"product_tag-alrma","8":"product_tag-knog","9":"product_tag-localizador-equipaje","11":"first","12":"instock","13":"taxable","14":"shipping-taxable","15":"purchasable","16":"product-type-variable"},"_links":{"self":[{"href":"https:\/\/tarreglolabici.com\/wp\/wp-json\/wp\/v2\/product\/8145","targetHints":{"allow":["GET"]}}],"collection":[{"href":"https:\/\/tarreglolabici.com\/wp\/wp-json\/wp\/v2\/product"}],"about":[{"href":"https:\/\/tarreglolabici.com\/wp\/wp-json\/wp\/v2\/types\/product"}],"wp:featuredmedia":[{"embeddable":true,"href":"https:\/\/tarreglolabici.com\/wp\/wp-json\/wp\/v2\/media\/8162"}],"wp:attachment":[{"href":"https:\/\/tarreglolabici.com\/wp\/wp-json\/wp\/v2\/media?parent=8145"}],"wp:term":[{"taxonomy":"product_brand","embeddable":true,"href":"https:\/\/tarreglolabici.com\/wp\/wp-json\/wp\/v2\/product_brand?post=8145"},{"taxonomy":"product_cat","embeddable":true,"href":"https:\/\/tarreglolabici.com\/wp\/wp-json\/wp\/v2\/product_cat?post=8145"},{"taxonomy":"product_tag","embeddable":true,"href":"https:\/\/tarreglolabici.com\/wp\/wp-json\/wp\/v2\/product_tag?post=8145"}],"curies":[{"name":"wp","href":"https:\/\/api.w.org\/{rel}","templated":true}]}}