{"id":7964,"date":"2023-11-27T13:13:51","date_gmt":"2023-11-27T12:13:51","guid":{"rendered":"https:\/\/tarreglolabici.com\/wp\/?post_type=product&#038;p=7964"},"modified":"2023-11-27T13:26:57","modified_gmt":"2023-11-27T12:26:57","slug":"cinta-tubeless-milkit","status":"publish","type":"product","link":"https:\/\/tarreglolabici.com\/wp\/shop\/componentes\/ruedas-y-componentes-de-reudas\/neumaticos\/tubelizado\/cinta-tubeless-milkit\/","title":{"rendered":"Cinta tubeless Milkit"},"content":{"rendered":"<p>La cinta de llanta MilKit ofrece una conversi\u00f3n r\u00e1pida y f\u00e1cil de tu llanta a tubeless y garantiza un rendimiento confiable y duradero.<\/p>\n<p>&#8211; Disponible en los cuatro anchos m\u00e1s populares, cubre la mayor\u00eda de los tama\u00f1os de llanta<br \/>\n&#8211; Adhesivo extra fuerte y confiable para asegurar un ajuste perfecto a la llanta<br \/>\n&#8211; Mezcla \u00f3ptima de resistencia y flexibilidad para un f\u00e1cil montaje.<br \/>\n&#8211; Rollos de 10 m \/ 11 yd &#8211; suficiente para 4-5 ruedas- disponible en 5 anchos: 21, 25, 29, 32 y 35mm<\/p>\n<p>Los productos MilKit ofrecen la soluci\u00f3n m\u00e1s simple para la instalaci\u00f3n y mantenimiento del tubeless. Dise\u00f1amos nuestra cinta de llanta para que sea muy resistente y confiable para un ajuste herm\u00e9tico, pero con suficiente flexi\u00f3n para que la instalaci\u00f3n sea r\u00e1pida y f\u00e1cil.<\/p>\n<p>Elije un ancho de cinta de llanta que coincida con el ancho interno de la llanta o que sea un poco m\u00e1s grande. La cinta de borde debe cubrir toda la base del borde e incluso puede cubrir una parte de ambos lados. El uso de una cinta demasiado estrecha puede provocar fugas de aire entre el borde y la cinta, lo que puede ser frustrante. Por el contrario, si es demasiado ancha puede interferir en el correcto asentamiento del neum\u00e1tico.<\/p>\n<p><b>Para una instalaci\u00f3n f\u00e1cil y efectiva<\/b><br \/>\n<b>1<\/b>.Limpia bien el borde y aseg\u00farate de que est\u00e1 seco.<br \/>\n2.Instala la cinta tirando firmemente de ella. Debes asegurarte de que est\u00e9 prieta y no haya espacios o aire atrapados debajo.<br \/>\n3.Aseg\u00farate de que se superponga al menos 10 cm \/ 4 pulgadas sobre el orificio de la v\u00e1lvula, es mejor tener una superposici\u00f3n m\u00e1s larga que m\u00e1s corta.<br \/>\n4.Utiliza dos capas para ruedas de alta presi\u00f3n (por encima de 8 bar \/ 120 psi).<br \/>\n5.Corta la cinta en un \u00e1ngulo de 45\u00b0 para una mejor adhesi\u00f3n y flexibilidad.<br \/>\n6.Instala las v\u00e1lvulas MilKit en el borde: pellizca solo un peque\u00f1o orificio en la cinta del borde y empuja la v\u00e1lvula a trav\u00e9s de la cinta.<\/p>\n<p>&nbsp;<\/p>\n<p><iframe loading=\"lazy\" title=\"milKit complete tubeless solution\" src=\"https:\/\/www.youtube.com\/embed\/RgHeplBGV7I\" width=\"1170\" height=\"676\" frameborder=\"0\" allowfullscreen=\"allowfullscreen\"><\/iframe><\/p>\n","protected":false},"excerpt":{"rendered":"<p>La cinta de llanta MilKit ofrece una conversi\u00f3n r\u00e1pida y f\u00e1cil de tu llanta a tubeless y garantiza un rendimiento confiable y duradero. &#8211; Disponible en los cuatro anchos m\u00e1s populares, cubre la mayor\u00eda de los tama\u00f1os de llanta &#8211; Adhesivo extra fuerte y confiable para asegurar un ajuste perfecto a la llanta &#8211; Mezcla [&hellip;]<\/p>\n","protected":false},"featured_media":7974,"template":"","meta":[],"product_brand":[],"product_cat":[577],"product_tag":[1066,1065,1061,580],"class_list":{"0":"post-7964","1":"product","2":"type-product","3":"status-publish","4":"has-post-thumbnail","6":"product_cat-tubelizado","7":"product_tag-cinta-tubeless","8":"product_tag-kit-tubelizado","9":"product_tag-milkit","10":"product_tag-tubeless","12":"first","13":"instock","14":"taxable","15":"shipping-taxable","16":"purchasable","17":"product-type-variable"},"_links":{"self":[{"href":"https:\/\/tarreglolabici.com\/wp\/wp-json\/wp\/v2\/product\/7964","targetHints":{"allow":["GET"]}}],"collection":[{"href":"https:\/\/tarreglolabici.com\/wp\/wp-json\/wp\/v2\/product"}],"about":[{"href":"https:\/\/tarreglolabici.com\/wp\/wp-json\/wp\/v2\/types\/product"}],"wp:featuredmedia":[{"embeddable":true,"href":"https:\/\/tarreglolabici.com\/wp\/wp-json\/wp\/v2\/media\/7974"}],"wp:attachment":[{"href":"https:\/\/tarreglolabici.com\/wp\/wp-json\/wp\/v2\/media?parent=7964"}],"wp:term":[{"taxonomy":"product_brand","embeddable":true,"href":"https:\/\/tarreglolabici.com\/wp\/wp-json\/wp\/v2\/product_brand?post=7964"},{"taxonomy":"product_cat","embeddable":true,"href":"https:\/\/tarreglolabici.com\/wp\/wp-json\/wp\/v2\/product_cat?post=7964"},{"taxonomy":"product_tag","embeddable":true,"href":"https:\/\/tarreglolabici.com\/wp\/wp-json\/wp\/v2\/product_tag?post=7964"}],"curies":[{"name":"wp","href":"https:\/\/api.w.org\/{rel}","templated":true}]}}