{"id":7943,"date":"2023-11-27T13:01:20","date_gmt":"2023-11-27T12:01:20","guid":{"rendered":"https:\/\/tarreglolabici.com\/wp\/?post_type=product&#038;p=7943"},"modified":"2023-11-27T13:01:20","modified_gmt":"2023-11-27T12:01:20","slug":"inflador-tubeless-milkit-booster","status":"publish","type":"product","link":"https:\/\/tarreglolabici.com\/wp\/shop\/componentes\/ruedas-y-componentes-de-reudas\/neumaticos\/tubelizado\/inflador-tubeless-milkit-booster\/","title":{"rendered":"Inflador tubeless Milkit Booster"},"content":{"rendered":"<p style=\"font-weight: 400;\">\u00bfEst\u00e1s buscando la forma m\u00e1s f\u00e1cil y r\u00e1pida de talonar un neum\u00e1tico tubeless en la llanta? El inflador MilKit es la soluci\u00f3n galardonada en Eurobike.<\/p>\n<p>El inflador a presi\u00f3n MilKit Booster es una herramienta revolucionaria que permite a los ciclistas hinchar neum\u00e1ticos tubeless sin un compresor de aire grande y costoso. Hace que el montaje del neum\u00e1tico sea m\u00e1s sencillo, tanto en casa como en la monta\u00f1a. Y adem\u00e1s, se puede usar como bid\u00f3n.<\/p>\n<p style=\"font-weight: 400;\">El MilKit Booster proporciona una respuesta ligera y f\u00e1cil de usar a aquellos que buscan inflar un neum\u00e1tico sin c\u00e1mara. Con una presi\u00f3n disponible de hasta 11 bar \/ 160 psi, el neum\u00e1tico se asentar\u00e1 inmediatamente en la llanta y se sellar\u00e1 de manera uniforme.<\/p>\n<p>MilKit lleva la instalaci\u00f3n de neum\u00e1ticos sin c\u00e1mara a un nivel superior. Ya no es necesario invertir en un compresor ni comprar una bomba de aire de suelo. El MilKit Booster es exactamente lo que necesitas para montar neum\u00e1ticos sin c\u00e1mara de forma r\u00e1pida y sencilla.<\/p>\n<p style=\"font-weight: 400;\">Ganador de un premio Eurobike, el MilKit Booster es convincente por las siguientes razones:<\/p>\n<p>&#8211;\u00a0<b><strong>Un peso muy bajo<\/strong><\/b>: solo 140 g \/ 5 oz<br \/>\n&#8211;\u00a0<b><strong>Es altamente eficiente<\/strong><\/b>: sin tubos adicionales, la presi\u00f3n de aire va directamente a la v\u00e1lvula<br \/>\n&#8211;\u00a0<b><strong>Facilidad de uso<\/strong><\/b>: basta con presionar la v\u00e1lvula<br \/>\n&#8211;\u00a0<b><strong>Portabilidad<\/strong><\/b>: se puede usar como botell\u00edn y llevar en el portabid\u00f3n<br \/>\n&#8211;\u00a0<b><strong>Es econ\u00f3mico<\/strong><\/b>: se acab\u00f3 invertir en cartuchos de CO2 o en un compresor costoso<br \/>\n&#8211;\u00a0<b><strong>Es ecol\u00f3gico<\/strong><\/b>: reemplaza los cartuchos de CO2 de un solo uso.<br \/>\n&#8211;\u00a0<b><strong>Compatibidad:<\/strong><\/b>\u00a0sirve para todas las v\u00e1lvulas tubeless Presta<br \/>\n&#8211;\u00a0<b><strong>Ahorra espacio<\/strong><\/b>: reemplaza a los voluminosos compresores de aire<br \/>\n&#8211; Cabeza ligera (21gr \/ 0.74 oz), con una bolsa con cord\u00f3n para llevarla en paseos<br \/>\n&#8211; Incluye tap\u00f3n de botella<\/p>\n<p>El uso del MilKit Booster simplifica la instalaci\u00f3n, especialmente en combinaci\u00f3n con las v\u00e1lvulas MilKit:<\/p>\n<p>&#8211; Instala la v\u00e1lvula MilKit en la llanta<br \/>\n&#8211; Hincha el Booster con la bomba de aire<br \/>\n&#8211; Retira el ob\u00fas para un buen flujo de aire y presiona el Booster en la v\u00e1lvula.\u00a0Las v\u00e1lvulas MilKit mantienen el aire en el neum\u00e1tico sin el ob\u00fas instalado.<br \/>\n&#8211; El liquido sellador se puede agregar despu\u00e9s de inflar el neum\u00e1tico con la jeringa MilKit<br \/>\n&#8211; Inserta el n\u00facleo de la v\u00e1lvula e infla el neum\u00e1tico a presi\u00f3n m\u00e1xima.<\/p>\n<p style=\"font-weight: 400;\"><b><strong>\u00a0<\/strong><\/b><\/p>\n<p style=\"font-weight: 400;\"><b><strong>Grande<\/strong><\/b><br \/>\n&#8211; 1 bid\u00f3n de aluminio de 0.60 L o\u00a0 0.75 L<br \/>\n&#8211; 1 adaptador<br \/>\n&#8211; 1 tap\u00f3n de bid\u00f3n<br \/>\n&#8211; 1 bolsa con cord\u00f3n para el adaptador<\/p>\n<p><iframe loading=\"lazy\" title=\"milKit Tubeless Booster\" src=\"https:\/\/www.youtube.com\/embed\/6sPzUmv2PVU\" width=\"1170\" height=\"676\" frameborder=\"0\" allowfullscreen=\"allowfullscreen\"><\/iframe><\/p>\n","protected":false},"excerpt":{"rendered":"<p>\u00bfEst\u00e1s buscando la forma m\u00e1s f\u00e1cil y r\u00e1pida de talonar un neum\u00e1tico tubeless en la llanta? El inflador MilKit es la soluci\u00f3n galardonada en Eurobike. El inflador a presi\u00f3n MilKit Booster es una herramienta revolucionaria que permite a los ciclistas hinchar neum\u00e1ticos tubeless sin un compresor de aire grande y costoso. Hace que el montaje [&hellip;]<\/p>\n","protected":false},"featured_media":7950,"template":"","meta":[],"product_brand":[],"product_cat":[577],"product_tag":[1063,1064,1061,580],"class_list":{"0":"post-7943","1":"product","2":"type-product","3":"status-publish","4":"has-post-thumbnail","6":"product_cat-tubelizado","7":"product_tag-booster","8":"product_tag-inflado","9":"product_tag-milkit","10":"product_tag-tubeless","12":"first","13":"instock","14":"taxable","15":"shipping-taxable","16":"purchasable","17":"product-type-variable"},"_links":{"self":[{"href":"https:\/\/tarreglolabici.com\/wp\/wp-json\/wp\/v2\/product\/7943","targetHints":{"allow":["GET"]}}],"collection":[{"href":"https:\/\/tarreglolabici.com\/wp\/wp-json\/wp\/v2\/product"}],"about":[{"href":"https:\/\/tarreglolabici.com\/wp\/wp-json\/wp\/v2\/types\/product"}],"wp:featuredmedia":[{"embeddable":true,"href":"https:\/\/tarreglolabici.com\/wp\/wp-json\/wp\/v2\/media\/7950"}],"wp:attachment":[{"href":"https:\/\/tarreglolabici.com\/wp\/wp-json\/wp\/v2\/media?parent=7943"}],"wp:term":[{"taxonomy":"product_brand","embeddable":true,"href":"https:\/\/tarreglolabici.com\/wp\/wp-json\/wp\/v2\/product_brand?post=7943"},{"taxonomy":"product_cat","embeddable":true,"href":"https:\/\/tarreglolabici.com\/wp\/wp-json\/wp\/v2\/product_cat?post=7943"},{"taxonomy":"product_tag","embeddable":true,"href":"https:\/\/tarreglolabici.com\/wp\/wp-json\/wp\/v2\/product_tag?post=7943"}],"curies":[{"name":"wp","href":"https:\/\/api.w.org\/{rel}","templated":true}]}}