{"id":7629,"date":"2023-03-15T11:46:31","date_gmt":"2023-03-15T10:46:31","guid":{"rendered":"https:\/\/tarreglolabici.com\/wp\/?post_type=product&#038;p=7629"},"modified":"2023-06-19T09:37:39","modified_gmt":"2023-06-19T07:37:39","slug":"alarma-localizador-bicicletas-knog-scout","status":"publish","type":"product","link":"https:\/\/tarreglolabici.com\/wp\/shop\/accesorios\/alarma-localizador-bicicletas-knog-scout\/","title":{"rendered":"ALARMA-LOCALIZADOR BICICLETAS KNOG SCOUT"},"content":{"rendered":"<p><strong>ATENCION: SOLO COMPATIBLE CON APPLE IOS<\/strong><\/p>\n<div class=\"product_second_section\">\n<div class=\"container\">\n<div class=\" product_desc_block\">\n<div class=\"product_desc_column \">\n<div class=\"bottom_more_info_block pro_more_info p-t-1 p-b-1 \">\n<div class=\"product_info_tabs sttab_block mobile_tab sttab_2 sttab_2_2 \">\n<div class=\"tab-content \">\n<div id=\"description\" class=\"tab-pane active st_open \" role=\"tabpanel\">\n<div class=\"tab-pane-body\">\n<div class=\"product-description\">\n<div class=\"style_content\">\n<p class=\"p1\"><span class=\"s1\">Entendemos que tu bicicleta es una posesi\u00f3n preciada y dejarla desatendida, incluso cuando est\u00e1 asegurada, puede ser arriesgado. El Knog Scout proporciona una seguridad sin igual al combinar una funci\u00f3n de alarma para bicicletas extremadamente alta (85 db) con un buscador de bicicletas de alta precisi\u00f3n, utilizando la aplicaci\u00f3n \u00abFind My\u00bb de Apple. El futuro de la seguridad de las bicicletas ya est\u00e1 aqu\u00ed.<\/span><\/p>\n<p>Una vez activada, cualquier movimiento de una bicicleta equipada con Scout activar\u00e1 la alarma de audio sensible al movimiento, lo que disuadir\u00e1 cualquier otro movimiento y alertar\u00e1 al propietario de la bicicleta, tanto por el sonido de la alarma como mediante una notificaci\u00f3n que se env\u00eda autom\u00e1ticamente al iPhone del propietario (cuando est\u00e1 en rango de Bluetooth).<\/p>\n<p><b>Lleva la seguridad de la bicicleta a otro nivel<br \/>\n<\/b>Adem\u00e1s, cuando una bicicleta equipada con Scout no est\u00e1 donde el propietario la dej\u00f3, se puede ubicar r\u00e1pidamente utilizando la red de Apple a trav\u00e9s de la aplicaci\u00f3n \u00abFind My\u00bb.<\/p>\n<p>&#8211; <strong>Compatible solo con iOS<\/strong><br \/>\n&#8211; Alarma de 85 db sensible al movimiento para una disuasi\u00f3n inmediata<br \/>\n&#8211; Se puede ubicar r\u00e1pidamente con la aplicaci\u00f3n &#8216;Find My&#8217; de Apple<br \/>\n&#8211; Se opera con la aplicaci\u00f3n iOS de Knog<br \/>\n&#8211; Se monta en soldaduras de porta bidones est\u00e1ndar<br \/>\n&#8211; Se puede montar debajo del porta bid\u00f3n para aumentar la discreci\u00f3n<br \/>\n&#8211; Utiliza los tornillos antimanipulaci\u00f3n suministrados para montarla de forma segura<br \/>\n&#8211; Se proporciona una cubierta de silicona de ne\u00f3n para anunciar el dispositivo de seguridad (si lo desea)<br \/>\n&#8211; Activas\/desactivar usando el bot\u00f3n (dentro de 1,5 m) o la aplicaci\u00f3n dentro del alcance de bluetooth<br \/>\n&#8211; Los LED muestran el estado de la alarma y la carga de la bater\u00eda<br \/>\n&#8211; USB-C recargable con bater\u00eda de 6 meses de duraci\u00f3n (cable no incluido)<br \/>\n&#8211; Clasificaci\u00f3n IP66 resistente al agua (a prueba de lavado)<\/p>\n<p><b>Peso:<\/b>\u00a0solo 25 gramos<\/p>\n<p>Si quieres tener la tranquilidad de saber que has hecho todo lo posible para asegurar tu bicicleta, Scout es una pieza esencial del equipo.<\/p>\n<p><b>LED de funci\u00f3n dual<\/b><br \/>\nLos LED de funci\u00f3n dual de la Scout muestran de un vistazo si el Scout est\u00e1 en alarma. Los mismos LED muestran el estado de carga de la bater\u00eda.<\/p>\n<p><img loading=\"lazy\" decoding=\"async\" src=\"https:\/\/www.topfun.com\/img\/cms\/KNOG\/Scout\/12124-Feature-01.png\" alt=\"\" width=\"150\" height=\"150\" \/><\/p>\n<p><b>Activas la Scout es r\u00e1pido y f\u00e1cil<\/b><br \/>\nActivar o desactivar la alarma Scout es simple y se puede lograr de dos maneras; a trav\u00e9s del bot\u00f3n en el lateral del dispositivo cuando el iPhone conectado est\u00e1 cerca (&lt; 1,5 m) o a trav\u00e9s de la aplicaci\u00f3n Knog cuando el dispositivo est\u00e1 dentro del alcance de Bluetooth.<\/p>\n<p><img loading=\"lazy\" decoding=\"async\" src=\"https:\/\/www.topfun.com\/img\/cms\/KNOG\/Scout\/12124-Feature-02.png\" alt=\"\" width=\"150\" height=\"150\" \/><\/p>\n<p><b>Montaje y seguridad<br \/>\n<\/b>Con Scout, existe la opci\u00f3n de seguridad abierta o discreta. Para anunciar que la bicicleta est\u00e1 equipada con Scout, usa la cubierta de silicona amarilla ne\u00f3n provista. Para una seguridad mas discreta, fija la Scout a la bicicleta a trav\u00e9s de los soportes del portabid\u00f3n con tornillos de seguridad a prueba de manipulaciones sin la cubierta.<\/p>\n<p><img loading=\"lazy\" decoding=\"async\" src=\"https:\/\/www.topfun.com\/img\/cms\/KNOG\/Scout\/12124-Feature-03.png\" alt=\"\" width=\"150\" height=\"150\" \/><\/p>\n<p><b>Montaje con un portabidones<\/b><br \/>\n<span class=\"Apple-converted-space\">\u00a0<\/span>El dise\u00f1o compacto y de perfil extremadamente bajo de la Scout permite que se atornille perfectamente y se oculte debajo de un portabidones. Esta es una excelente manera de mantener oculto la Scout.<\/p>\n<p><img loading=\"lazy\" decoding=\"async\" src=\"https:\/\/www.topfun.com\/img\/cms\/KNOG\/Scout\/12124-Feature-04.png\" alt=\"\" width=\"150\" height=\"150\" \/><\/p>\n<p><b>Especificaciones t\u00e9cnicas<br \/>\n&#8211; Peso<\/b>: +- 25 g<br \/>\n<b>&#8211; Recargable<\/b>: S\u00ed, mediante entrada USB-C<br \/>\n<b>&#8211; Resistente al agua<\/b>: S\u00ed, IP66<br \/>\n<b>&#8211; Tiempo de ejecuci\u00f3n<\/b>: 6 meses<br \/>\n<b>&#8211; Indicador de bater\u00eda:<\/b>\u00a0s\u00ed<br \/>\n<b>&#8211; Tiempo de carga<\/b>: 4 horas<br \/>\n<b>&#8211; Dimensiones<\/b>: 10,7 x 2,5 x 0,8 cm<br \/>\n<b>&#8211; Temperatura de funcionamiento<\/b>: -20 a 50 \u00b0C\/-4 a 122 \u00b0F<br \/>\n<b>&#8211; Compatible con<\/b>: solo iOS (iPhone, Apple Watch y iPad)<br \/>\n<b>&#8211; Operar usando<\/b>: Knog App<\/p>\n<p class=\"p2\">\n<\/div>\n<\/div>\n<\/div>\n<\/div>\n<\/div>\n<\/div>\n<\/div>\n<\/div>\n<\/div>\n<\/div>\n<\/div>\n<div class=\"product_third_section\">\n<div class=\"container\">\n<h3 id=\"#idTab95\" class=\"idTabHrefShort page-product-heading\">V\u00eddeo<\/h3>\n<div id=\"idTab95\" class=\"page-product-box\">\n<div id=\"bigvideo\" class=\"vresponsive\">\n<div id=\"videoproduct\"><iframe loading=\"lazy\" src=\"https:\/\/www.youtube.com\/embed\/6D28QWrA4kM?rel=0&amp;showinfo=0enablejsapi=1&amp;origin=https:\/\/b2b.topfun.com\/&amp;loop=0&amp;vq=hd720p60\" width=\"720\" height=\"520\" frameborder=\"0\" allowfullscreen=\"allowfullscreen\" data-mce-fragment=\"1\"><\/iframe><\/div>\n<\/div>\n<p>&nbsp;<\/p>\n<\/div>\n<\/div>\n<\/div>\n","protected":false},"excerpt":{"rendered":"<p>ATENCION: SOLO COMPATIBLE CON APPLE IOS Entendemos que tu bicicleta es una posesi\u00f3n preciada y dejarla desatendida, incluso cuando est\u00e1 asegurada, puede ser arriesgado. El Knog Scout proporciona una seguridad sin igual al combinar una funci\u00f3n de alarma para bicicletas extremadamente alta (85 db) con un buscador de bicicletas de alta precisi\u00f3n, utilizando la aplicaci\u00f3n [&hellip;]<\/p>\n","protected":false},"featured_media":7632,"template":"","meta":[],"product_brand":[],"product_cat":[1025,470,73,856],"product_tag":[],"class_list":{"0":"post-7629","1":"product","2":"type-product","3":"status-publish","4":"has-post-thumbnail","6":"product_cat-accesorios","7":"product_cat-componentes","8":"product_cat-herramientas","9":"product_cat-movilidad-urbana-y-transporte","11":"first","12":"instock","13":"taxable","14":"shipping-taxable","15":"purchasable","16":"product-type-simple"},"_links":{"self":[{"href":"https:\/\/tarreglolabici.com\/wp\/wp-json\/wp\/v2\/product\/7629","targetHints":{"allow":["GET"]}}],"collection":[{"href":"https:\/\/tarreglolabici.com\/wp\/wp-json\/wp\/v2\/product"}],"about":[{"href":"https:\/\/tarreglolabici.com\/wp\/wp-json\/wp\/v2\/types\/product"}],"wp:featuredmedia":[{"embeddable":true,"href":"https:\/\/tarreglolabici.com\/wp\/wp-json\/wp\/v2\/media\/7632"}],"wp:attachment":[{"href":"https:\/\/tarreglolabici.com\/wp\/wp-json\/wp\/v2\/media?parent=7629"}],"wp:term":[{"taxonomy":"product_brand","embeddable":true,"href":"https:\/\/tarreglolabici.com\/wp\/wp-json\/wp\/v2\/product_brand?post=7629"},{"taxonomy":"product_cat","embeddable":true,"href":"https:\/\/tarreglolabici.com\/wp\/wp-json\/wp\/v2\/product_cat?post=7629"},{"taxonomy":"product_tag","embeddable":true,"href":"https:\/\/tarreglolabici.com\/wp\/wp-json\/wp\/v2\/product_tag?post=7629"}],"curies":[{"name":"wp","href":"https:\/\/api.w.org\/{rel}","templated":true}]}}