{"id":6573,"date":"2020-07-09T18:09:19","date_gmt":"2020-07-09T16:09:19","guid":{"rendered":"https:\/\/tarreglolabici.com\/wp\/?post_type=product&#038;p=6573"},"modified":"2023-03-10T09:24:11","modified_gmt":"2023-03-10T08:24:11","slug":"punos-brooks-lock-on-cambium","status":"publish","type":"product","link":"https:\/\/tarreglolabici.com\/wp\/shop\/componentes\/hardware\/punos\/punos-brooks-lock-on-cambium\/","title":{"rendered":"Pu\u00f1os Brooks Lock On Cambium"},"content":{"rendered":"<p>Pu\u00f1os de goma y algod\u00f3n org\u00e1nico vulcanizado, con lo que conseguimos una apariencia y sensaciones naturales. Incluye abrazaderas de aluminio.<\/p>\n<p>Peso 1<\/p>\n<p>&nbsp;<\/p>\n","protected":false},"excerpt":{"rendered":"<p>Pu\u00f1os de goma y algod\u00f3n org\u00e1nico vulcanizado, con lo que conseguimos una apariencia y sensaciones naturales. Incluye abrazaderas de aluminio. Peso 1 &nbsp;<\/p>\n","protected":false},"featured_media":6584,"template":"","meta":[],"product_brand":[],"product_cat":[870,593],"product_tag":[874,872,601],"class_list":{"0":"post-6573","1":"product","2":"type-product","3":"status-publish","4":"has-post-thumbnail","6":"product_cat-brooks","7":"product_cat-punos","8":"product_tag-algodon","9":"product_tag-brooks","10":"product_tag-puno-tecnico","12":"first","13":"instock","14":"taxable","15":"shipping-taxable","16":"purchasable","17":"product-type-variable"},"_links":{"self":[{"href":"https:\/\/tarreglolabici.com\/wp\/wp-json\/wp\/v2\/product\/6573","targetHints":{"allow":["GET"]}}],"collection":[{"href":"https:\/\/tarreglolabici.com\/wp\/wp-json\/wp\/v2\/product"}],"about":[{"href":"https:\/\/tarreglolabici.com\/wp\/wp-json\/wp\/v2\/types\/product"}],"wp:featuredmedia":[{"embeddable":true,"href":"https:\/\/tarreglolabici.com\/wp\/wp-json\/wp\/v2\/media\/6584"}],"wp:attachment":[{"href":"https:\/\/tarreglolabici.com\/wp\/wp-json\/wp\/v2\/media?parent=6573"}],"wp:term":[{"taxonomy":"product_brand","embeddable":true,"href":"https:\/\/tarreglolabici.com\/wp\/wp-json\/wp\/v2\/product_brand?post=6573"},{"taxonomy":"product_cat","embeddable":true,"href":"https:\/\/tarreglolabici.com\/wp\/wp-json\/wp\/v2\/product_cat?post=6573"},{"taxonomy":"product_tag","embeddable":true,"href":"https:\/\/tarreglolabici.com\/wp\/wp-json\/wp\/v2\/product_tag?post=6573"}],"curies":[{"name":"wp","href":"https:\/\/api.w.org\/{rel}","templated":true}]}}