{"id":882,"date":"2017-01-19T18:32:11","date_gmt":"2017-01-19T18:32:11","guid":{"rendered":"http:\/\/tarreglolabici.com\/wp\/?page_id=882"},"modified":"2017-01-19T18:36:30","modified_gmt":"2017-01-19T18:36:30","slug":"declaracion-comercio-sostenible","status":"publish","type":"page","link":"https:\/\/tarreglolabici.com\/wp\/declaracion-comercio-sostenible\/","title":{"rendered":"Declaraci\u00f3n de comercio sostenible"},"content":{"rendered":"<p class=\"western\" lang=\"es-ES\">Declaraci\u00f3n de comercio sostenible<\/p>\n<p class=\"western\" lang=\"es-ES\"><span style=\"font-size: small;\">Los productos Vertical Engineering est\u00e1n dise\u00f1ados para satisfacer las necesidades de los usuarios, que los fabricantes no quieren hacerse cargo, ya sea por falta de previsi\u00f3n o con af\u00e1n de crear productos perecederos de vida limitada. En este sentido los productos Vertical Engineering colaboran en un mundo mas sostenible al margen de las reglas de las pol\u00edticas de consumo de la industria del ci<\/span><span style=\"font-size: small;\">clismo.<\/span><\/p>\n<p class=\"western\" lang=\"es-ES\"><a href=\"http:\/\/tarreglolabici.com\/wp\/wp-content\/uploads\/movida-ecologica-2011-L-OtYxrL.jpg\"><img loading=\"lazy\" decoding=\"async\" class=\"size-medium wp-image-880 aligncenter\" src=\"http:\/\/tarreglolabici.com\/wp\/wp-content\/uploads\/movida-ecologica-2011-L-OtYxrL-257x300.jpg\" alt=\"\" width=\"257\" height=\"300\" \/><\/a><\/p>\n","protected":false},"excerpt":{"rendered":"<p>Declaraci\u00f3n de comercio sostenible Los productos Vertical Engineering est\u00e1n dise\u00f1ados para satisfacer las necesidades de los usuarios, que los fabricantes no quieren hacerse cargo, ya sea por falta de previsi\u00f3n o con af\u00e1n de crear productos perecederos de vida limitada. En este sentido los productos Vertical Engineering colaboran en un mundo mas sostenible al margen [&hellip;]<\/p>\n","protected":false},"author":1,"featured_media":880,"parent":0,"menu_order":0,"comment_status":"closed","ping_status":"closed","template":"","meta":{"footnotes":""},"categories":[],"tags":[290,288,289,291,287],"class_list":["post-882","page","type-page","status-publish","has-post-thumbnail","hentry","tag-comercio","tag-ecologico","tag-economia","tag-negocio","tag-sostenible"],"_links":{"self":[{"href":"https:\/\/tarreglolabici.com\/wp\/wp-json\/wp\/v2\/pages\/882","targetHints":{"allow":["GET"]}}],"collection":[{"href":"https:\/\/tarreglolabici.com\/wp\/wp-json\/wp\/v2\/pages"}],"about":[{"href":"https:\/\/tarreglolabici.com\/wp\/wp-json\/wp\/v2\/types\/page"}],"author":[{"embeddable":true,"href":"https:\/\/tarreglolabici.com\/wp\/wp-json\/wp\/v2\/users\/1"}],"replies":[{"embeddable":true,"href":"https:\/\/tarreglolabici.com\/wp\/wp-json\/wp\/v2\/comments?post=882"}],"version-history":[{"count":2,"href":"https:\/\/tarreglolabici.com\/wp\/wp-json\/wp\/v2\/pages\/882\/revisions"}],"predecessor-version":[{"id":884,"href":"https:\/\/tarreglolabici.com\/wp\/wp-json\/wp\/v2\/pages\/882\/revisions\/884"}],"wp:featuredmedia":[{"embeddable":true,"href":"https:\/\/tarreglolabici.com\/wp\/wp-json\/wp\/v2\/media\/880"}],"wp:attachment":[{"href":"https:\/\/tarreglolabici.com\/wp\/wp-json\/wp\/v2\/media?parent=882"}],"wp:term":[{"taxonomy":"category","embeddable":true,"href":"https:\/\/tarreglolabici.com\/wp\/wp-json\/wp\/v2\/categories?post=882"},{"taxonomy":"post_tag","embeddable":true,"href":"https:\/\/tarreglolabici.com\/wp\/wp-json\/wp\/v2\/tags?post=882"}],"curies":[{"name":"wp","href":"https:\/\/api.w.org\/{rel}","templated":true}]}}