{"id":24,"date":"2014-03-25T10:41:52","date_gmt":"2014-03-25T10:41:52","guid":{"rendered":"http:\/\/tarreglolabici.com\/wp\/?page_id=24"},"modified":"2014-05-08T18:10:02","modified_gmt":"2014-05-08T18:10:02","slug":"amortiguadores-inteligentes","status":"publish","type":"page","link":"https:\/\/tarreglolabici.com\/wp\/amortiguadores-inteligentes\/","title":{"rendered":"Amortiguadores inteligentes"},"content":{"rendered":"<h2 class=\"style15 style18\">Amortiguadores Inteligentes: Plataforma estable<\/h2>\n<div class=\"fb-share-button fb_iframe_widget\" data-type=\"button_count\"><\/div>\n<p class=\"style15\">Las suspensiones totales son ahora un porcentaje muy elevado entre los usuarios aficionados.<\/p>\n<p class=\"style15\">El mundo de las suspensiones ha avanzado a pasos agigantados, lo que antes era simplemente un producto para un sector adinerado con escasas exigencias en prestaciones, es ahora uno de los mas populares declin\u00e1ndose a la vez en multitud de variantes.<\/p>\n<p class=\"style15\">Desde la aparici\u00f3n de las primeras suspensiones totales los fabricantes han trabajado bajo una premisa: Evitar que el pedaleo afecte al movimiento del amortiguador.<\/p>\n<p class=\"style15\">Desde este punto de partida han aparecido much\u00edsimos sistemas y dise\u00f1os para hacer trabajar los amortiguadores, algunos obsoletos y otros aun vigentes:RTS, LTS, I-drive,Trasera unificada, Turner, Horst-link, FSR, Monopivote, Multivieletas,VPP.<\/p>\n<p class=\"style15\" align=\"center\"><img loading=\"lazy\" decoding=\"async\" id=\"SplashImage\" title=\"RTS\" alt=\"RTS\" src=\"http:\/\/www.tarreglolabici.com\/Site\/ESP\/Servicios\/Articulos\/Famortiguadores\/RTS.jpg\" width=\"606\" height=\"380\" name=\"RTS\" longdesc=\"RTS\" align=\"bottom\" \/><\/p>\n<p class=\"style15\">Pero con la aparici\u00f3n de los nuevos amortiguadores de ultima generaci\u00f3n, parece que ya no es tan importante el dise\u00f1o o el sistema en si. Ahora mismo cualquier sistema minimamente correcto y bien hecho puede funcionar perfectamente, con uno de estos amortiguadores.Es mas, cada vez se opta por dise\u00f1os m\u00e1s sencillos.<\/p>\n<p class=\"style15\">Que ha pasado entonces? Que tienen de especial estos amortiguadores?<\/p>\n<p class=\"style15\">Primero explicaremos a grandes rasgos como funciona un amortiguador:<\/p>\n<p class=\"style15\">Elemento suspensi\u00f3n: <em>Puede ser un muelle o aire y es el que hace de \u00abmuelle\u00bb. Entendemos como \u00abmuelle\u00bb al elemento que crea un cierta resistencia cuando queremos hundir una horquilla o un amortiguador, independientemente de que f\u00edsicamente sea un muelle real o una c\u00e1mara de aire. <\/em><\/p>\n<p class=\"style15\"><em>\u00a0 <\/em><\/p>\n<p class=\"style15\">Amortiguaci\u00f3n: <em>Es el sistema que controla el retorno del \u00abmuelle\u00bb , normalmente un circuito cerrado de aceite que se hace pasar por unos peque\u00f1os agujeros ofreciendo mayor o menor resistencia en funci\u00f3n de su tama\u00f1o, llamado tambi\u00e9n hidr\u00e1ulico. <\/em><\/p>\n<p class=\"style15\"><em>\u00a0 <\/em><\/p>\n<p class=\"style15\">De modo que con la presi\u00f3n de aire o la precarga del \u00abmuelle\u00bb ajustamos la dureza o tarado del amortiguador y con el ajuste del hidr\u00e1ulico controlamos la viveza o rapidez de trabajo del sistema. En realidad en la mayor\u00eda de los amortiguadores de calidad este hidr\u00e1ulico disponen de un mecanismo para que retengan menos cuando trabajan en compresi\u00f3n (hundimiento) que en extensi\u00f3n.<\/p>\n<p class=\"style15\">Bien, hasta ahora esto es lo que hab\u00eda, y las suspensiones totales sol\u00edan ser bicis en que la sensaci\u00f3n que ten\u00edamos es que gran parte de nuestra pedalada la perd\u00edamos hundiendo el amortiguador en vez de ir hacia adelante, a no ser que us\u00e1semos los sistemas de bloqueo que anulaban del todo las propiedades amortiguadoras de estas.<\/p>\n<p class=\"style15\">Volvamos de nuevo a la pregunta: Que ha pasado entonces? Que tienen de especial estos amortiguadores?<\/p>\n<p class=\"style15\">De una manera sencilla, los nuevos amortiguadores se endurecen mas o menos seg\u00fan las exigencias del terreno., sin tener que manipularlos. Es como si fueran inteligentes y fueran capaces de saber en que tipo de terreno nos movemos.<\/p>\n<p class=\"style15\">Ahora bien y como ocurre esto&#8230;<\/p>\n<h1 class=\"style15 style16\">Plataforma estable, movimiento de baja frecuencia<\/h1>\n<p class=\"style15\">Estos amortiguadores se comportan de diferente manera en funci\u00f3n del tipo de impacto que reciben:<\/p>\n<p class=\"style15\">Normalmente cuando pedaleamos realizamos un movimiento lento pero intenso con el pedaleo y el vaiv\u00e9n de nuestro cuerpo, en el 95% de las veces este movimiento es el que aporta la sensaci\u00f3n de perdida de fuerza y el realmente molesto. Para ello se han creado nuevas v\u00e1lvulas de hidr\u00e1ulico que trabajan a compresi\u00f3n, con un cierto paso de aceite previo para evitar el efecto endurecimiento molesto, esta v\u00e1lvula se mantiene cerrada en este movimiento de baja frecuencia y se abre en cuanto recibe un impacto mas fuerte. Cuando el amortiguador recibe seguidamente una serie de impactos esta v\u00e1lvula se mantiene abierta trabajando pr\u00e1cticamente como un amortiguador convencional.<\/p>\n<p class=\"style15\">La sensibilidad de esta v\u00e1lvula puede ser ajustada con sistemas como el SPV o bien ser fija con en el Propedal.<\/p>\n<p class=\"style15\">Seria f\u00e1cil en un amortiguador normal dar suficiente presi\u00f3n a la c\u00e1mara principal hasta el umbral en que deja de moverse el sistema, pero perder\u00edamos toda sensibilidad y resultar\u00eda excesivamente duro en terreno bacheado.<\/p>\n<p class=\"style15\">Es por eso, que hoy en d\u00eda, tanto una monopivote como la Cannondale Prophet o bien una mulivieletas como una Specialized Stumjumper FSR funcionan perfectamente sin resultar molestas al pedaleo. Esto ha hecho tambi\u00e9n posible el uso de grandes recorridos para un uso que hasta ahora se hab\u00eda descartado, por ejemplo la Santacruz Nomad que con un montaje adecuado, puede usarse par hacer excursiones con sus 160mm de recorrido. Abriendo un amplio abanico de posibilidades desconocidas hasta ahora.<\/p>\n<p class=\"style15\">Plataformas estables en el mercado:<\/p>\n<p class=\"style15\" align=\"center\"><img loading=\"lazy\" decoding=\"async\" alt=\"\" src=\"http:\/\/www.tarreglolabici.com\/Site\/ESP\/Servicios\/Articulos\/Famortiguadores\/Competencia.jpg\" width=\"600\" height=\"497\" \/><\/p>\n<p class=\"style15\">5th Element: <em>El primer fabricante en llevar el sistema a la produccion en serie, marcas como Yeti o Specialized han confiado en la marca americana. Que compro la patente de su sistema a Curnut que lo usaba en series muy limitadas y de precios prohibitivos en algunas de sus horquillas. Actualmente tienen modelos tanto de aire como de muelle con una gran calidad de fabricaci\u00f3n <\/em><\/p>\n<p class=\"style15\" align=\"center\"><em>\u00a0 <img loading=\"lazy\" decoding=\"async\" alt=\"\" src=\"http:\/\/www.tarreglolabici.com\/Site\/ESP\/Servicios\/Articulos\/Famortiguadores\/5th-element.jpg\" width=\"360\" height=\"313\" \/><\/em><\/p>\n<p class=\"style15\">Manitou SPV: <em>Ha revolucionadao el mercado con su SPV que no deja de ser una evoluci\u00f3n del 5th element, lo ha incorporado en amortiguadores y horquillas, dispone de una amplia gama desde el simple Radium hasta el multi ajustable SPV 6 Ways de muelle.Actualmente ya disponen de una nueva evoluci\u00f3n llamada Evolve SPV. La multitud de ajustes permite pr\u00e1cticamente modificar el comportamiento a voluntad <\/em>.<\/p>\n<p class=\"style15\" align=\"center\"><img loading=\"lazy\" decoding=\"async\" alt=\"\" src=\"http:\/\/www.tarreglolabici.com\/Site\/ESP\/Servicios\/Articulos\/Famortiguadores\/SPV4ways.jpg\" width=\"376\" height=\"400\" \/><\/p>\n<p class=\"style15\">Fox Propedal: <em>Con su propio sistema, el Propedal es tambi\u00e9n uno de los mas usados, con la suavidad tipica de Fox y el refinamiento en la fabricaci\u00f3n es junto a Manitou el <\/em><em>m\u00e1s popular en los cat\u00e1logos <\/em><\/p>\n<p class=\"style15\" align=\"center\"><img loading=\"lazy\" decoding=\"async\" alt=\"\" src=\"http:\/\/www.tarreglolabici.com\/Site\/ESP\/Servicios\/Articulos\/Famortiguadores\/RP3.jpg\" width=\"313\" height=\"178\" \/><\/p>\n<p class=\"style15\">Fox Brain: <em> Especifico de Specialized, desarrollado por Fox para el primer modelo de Epic. El brain es un sistema de bloqueo inteligente, no se puede considerar tecnicamente un sistema de plataforma estable aunque el resultado es similar. El deposito de valvula de inercia situado en la parte inferior de los tirantes lo mas cerca posible del eje de la rueda trasera, se encarga de cerrar a abrir el paso del aceite en funcion del impacto. Su bloqueo es mas firme y definido y al abrirse se mantiene mas sensible que un sistema de plataforma estable convencional. <\/em><\/p>\n<p class=\"style15\"><em>\u00a0 <\/em><\/p>\n<p class=\"style15\"><em>NOTA: Tanto RockShox como Marzocchi no disponen de un sistema de plataforma estable, han usado sistemas avanzados de control del hidr\u00e1ulico como el Dual Damping o el ECC5. Pero no se comportan como una plataforma estable, eso no quiere decir que no sean totalmente validos y efectivos. <\/em><\/p>\n","protected":false},"excerpt":{"rendered":"<p>Amortiguadores Inteligentes: Plataforma estable Las suspensiones totales son ahora un porcentaje muy elevado entre los usuarios aficionados. El mundo de las suspensiones ha avanzado a pasos agigantados, lo que antes era simplemente un producto para un sector adinerado con escasas exigencias en prestaciones, es ahora uno de los mas populares declin\u00e1ndose a la vez en [&hellip;]<\/p>\n","protected":false},"author":1,"featured_media":0,"parent":0,"menu_order":0,"comment_status":"open","ping_status":"open","template":"","meta":{"footnotes":""},"categories":[],"tags":[],"class_list":["post-24","page","type-page","status-publish","hentry"],"_links":{"self":[{"href":"https:\/\/tarreglolabici.com\/wp\/wp-json\/wp\/v2\/pages\/24","targetHints":{"allow":["GET"]}}],"collection":[{"href":"https:\/\/tarreglolabici.com\/wp\/wp-json\/wp\/v2\/pages"}],"about":[{"href":"https:\/\/tarreglolabici.com\/wp\/wp-json\/wp\/v2\/types\/page"}],"author":[{"embeddable":true,"href":"https:\/\/tarreglolabici.com\/wp\/wp-json\/wp\/v2\/users\/1"}],"replies":[{"embeddable":true,"href":"https:\/\/tarreglolabici.com\/wp\/wp-json\/wp\/v2\/comments?post=24"}],"version-history":[{"count":2,"href":"https:\/\/tarreglolabici.com\/wp\/wp-json\/wp\/v2\/pages\/24\/revisions"}],"predecessor-version":[{"id":27,"href":"https:\/\/tarreglolabici.com\/wp\/wp-json\/wp\/v2\/pages\/24\/revisions\/27"}],"wp:attachment":[{"href":"https:\/\/tarreglolabici.com\/wp\/wp-json\/wp\/v2\/media?parent=24"}],"wp:term":[{"taxonomy":"category","embeddable":true,"href":"https:\/\/tarreglolabici.com\/wp\/wp-json\/wp\/v2\/categories?post=24"},{"taxonomy":"post_tag","embeddable":true,"href":"https:\/\/tarreglolabici.com\/wp\/wp-json\/wp\/v2\/tags?post=24"}],"curies":[{"name":"wp","href":"https:\/\/api.w.org\/{rel}","templated":true}]}}